{"id":20,"date":"2014-08-08T13:12:50","date_gmt":"2014-08-08T13:12:50","guid":{"rendered":"https:\/\/mosaiko.com.br\/portfolio\/elite\/?page_id=20"},"modified":"2014-12-23T19:11:06","modified_gmt":"2014-12-23T21:11:06","slug":"historia","status":"publish","type":"page","link":"https:\/\/mosaiko.com.br\/portfolio\/elite\/o-elite\/historia\/","title":{"rendered":"Hist\u00f3ria"},"content":{"rendered":"<p>O Sistema ELITE de Ensino \u00e9 uma empresa cuja diretriz \u00e9 atuar com excel\u00eancia na educa\u00e7\u00e3o b\u00e1sica. Iniciada em 1999, o ELITE surgiu quando um grupo de jovens amigos, rec\u00e9m-formados pelo ITA (Instituto Tecnol\u00f3gico da Aeron\u00e1utica) e j\u00e1 atuando na \u00e1rea de ensino em diferentes partes do pa\u00eds, decidiu reunir o melhor da experi\u00eancia de cada um. Assim, surgiram unidades do Sistema ELITE de Ensino em v\u00e1rias cidades brasileiras, entre elas o Rio de Janeiro.<\/p>\n<p>A primeira unidade da cidade do Rio fica em Madureira, onde funciona at\u00e9 hoje. O trabalho em equipe, a qualidade do material did\u00e1tico e a dedica\u00e7\u00e3o dos professores fizeram o Sistema ELITE Rio crescer rapidamente. Em pouco tempo, aconteceram as aprova\u00e7\u00f5es nos principais concursos militares do Brasil, como Instituto Militar de Engenharia e o Instituto Tecnol\u00f3gico de Aeron\u00e1utica.<\/p>\n<p>O Sistema ELITE Rio possui, atualmente, 16 unidades. S\u00e3o elas: Madureira I, Madureira II, Madureira III, Vila Valqueire, Tijuca I, Campo Grande I, Campo Grande II, S\u00e3o Gon\u00e7alo I, S\u00e3o Gon\u00e7alo II, Nova Igua\u00e7u, Bangu, Norte Shopping, Ilha do Governador, Taquara, al\u00e9m das novas Caxias e Realengo.<\/p>\n<p>&nbsp;<\/p>\n","protected":false},"excerpt":{"rendered":"<p>O Sistema ELITE de Ensino \u00e9 uma empresa cuja diretriz \u00e9 atuar com excel\u00eancia na educa\u00e7\u00e3o b\u00e1sica. Iniciada em 1999, o ELITE surgiu quando um grupo de jovens amigos, rec\u00e9m-formados pelo ITA (Instituto Tecnol\u00f3gico da Aeron\u00e1utica) e j\u00e1 atuando na \u00e1rea de ensino em diferentes partes do pa\u00eds, decidiu reunir o melhor da experi\u00eancia de [&hellip;]<\/p>\n","protected":false},"author":1,"featured_media":0,"parent":19,"menu_order":1,"comment_status":"closed","ping_status":"closed","template":"templates\/pagina-video-depoimento.php","meta":{"_acf_changed":false,"footnotes":""},"class_list":["post-20","page","type-page","status-publish","hentry"],"acf":[],"_links":{"self":[{"href":"https:\/\/mosaiko.com.br\/portfolio\/elite\/wp-json\/wp\/v2\/pages\/20","targetHints":{"allow":["GET"]}}],"collection":[{"href":"https:\/\/mosaiko.com.br\/portfolio\/elite\/wp-json\/wp\/v2\/pages"}],"about":[{"href":"https:\/\/mosaiko.com.br\/portfolio\/elite\/wp-json\/wp\/v2\/types\/page"}],"author":[{"embeddable":true,"href":"https:\/\/mosaiko.com.br\/portfolio\/elite\/wp-json\/wp\/v2\/users\/1"}],"replies":[{"embeddable":true,"href":"https:\/\/mosaiko.com.br\/portfolio\/elite\/wp-json\/wp\/v2\/comments?post=20"}],"version-history":[{"count":0,"href":"https:\/\/mosaiko.com.br\/portfolio\/elite\/wp-json\/wp\/v2\/pages\/20\/revisions"}],"up":[{"embeddable":true,"href":"https:\/\/mosaiko.com.br\/portfolio\/elite\/wp-json\/wp\/v2\/pages\/19"}],"wp:attachment":[{"href":"https:\/\/mosaiko.com.br\/portfolio\/elite\/wp-json\/wp\/v2\/media?parent=20"}],"curies":[{"name":"wp","href":"https:\/\/api.w.org\/{rel}","templated":true}]}}