{"id":20,"date":"2014-08-08T13:12:50","date_gmt":"2014-08-08T13:12:50","guid":{"rendered":"https:\/\/mosaiko.com.br\/portfolio\/pensi\/?page_id=20"},"modified":"2014-11-07T11:44:05","modified_gmt":"2014-11-07T13:44:05","slug":"historia","status":"publish","type":"page","link":"https:\/\/mosaiko.com.br\/portfolio\/pensi\/o-pensi\/historia\/","title":{"rendered":"Hist\u00f3ria"},"content":{"rendered":"<p>O PENSI come\u00e7ou como um curso de aulas particulares, no bairro do M\u00e9ier, na cidade do Rio de Janeiro, em 1987. Devido ao r\u00e1pido sucesso, seus s\u00f3cios resolveram investir na cria\u00e7\u00e3o de um curso preparat\u00f3rio para escolas militares &#8211; com destaque para IME e ITA.<\/p>\n<p>Os fant\u00e1sticos resultados obtidos impulsionaram o PENSI a desenvolver um projeto educacional mais amplo e com uma metodologia pr\u00f3pria. Aos poucos, os professores que mais se destacavam foram encorajados pelos s\u00f3cios-fundadores a abrir suas pr\u00f3prias unidades, assumindo cargos de dire\u00e7\u00e3o. Hoje, o PENSI possui 17 unidades, nas cidades do Rio de Janeiro e Niter\u00f3i, com turmas que v\u00e3o do maternal ao pr\u00e9-vestibular.<\/p>\n<p>O nosso sucesso \u00e9 resultado da nossa busca pela excel\u00eancia de ensino, um trabalho realizado por uma equipe que prima pela transpar\u00eancia e \u00e9tica, e com uma rela\u00e7\u00e3o individualizada com os pais e alunos. Nosso maior desafio \u00e9 oferecer a melhor qualidade educacional, obtendo os melhores resultados para a vida de nossos alunos e suas fam\u00edlias.<\/p>\n<p>&nbsp;<\/p>\n","protected":false},"excerpt":{"rendered":"<p>O PENSI come\u00e7ou como um curso de aulas particulares, no bairro do M\u00e9ier, na cidade do Rio de Janeiro, em 1987. Devido ao r\u00e1pido sucesso, seus s\u00f3cios resolveram investir na cria\u00e7\u00e3o de um curso preparat\u00f3rio para escolas militares &#8211; com destaque para IME e ITA. Os fant\u00e1sticos resultados obtidos impulsionaram o PENSI a desenvolver um [&hellip;]<\/p>\n","protected":false},"author":1,"featured_media":0,"parent":19,"menu_order":1,"comment_status":"closed","ping_status":"closed","template":"templates\/pagina-video-depoimento.php","meta":{"_acf_changed":false,"footnotes":""},"class_list":["post-20","page","type-page","status-publish","hentry"],"acf":[],"_links":{"self":[{"href":"https:\/\/mosaiko.com.br\/portfolio\/pensi\/wp-json\/wp\/v2\/pages\/20","targetHints":{"allow":["GET"]}}],"collection":[{"href":"https:\/\/mosaiko.com.br\/portfolio\/pensi\/wp-json\/wp\/v2\/pages"}],"about":[{"href":"https:\/\/mosaiko.com.br\/portfolio\/pensi\/wp-json\/wp\/v2\/types\/page"}],"author":[{"embeddable":true,"href":"https:\/\/mosaiko.com.br\/portfolio\/pensi\/wp-json\/wp\/v2\/users\/1"}],"replies":[{"embeddable":true,"href":"https:\/\/mosaiko.com.br\/portfolio\/pensi\/wp-json\/wp\/v2\/comments?post=20"}],"version-history":[{"count":0,"href":"https:\/\/mosaiko.com.br\/portfolio\/pensi\/wp-json\/wp\/v2\/pages\/20\/revisions"}],"up":[{"embeddable":true,"href":"https:\/\/mosaiko.com.br\/portfolio\/pensi\/wp-json\/wp\/v2\/pages\/19"}],"wp:attachment":[{"href":"https:\/\/mosaiko.com.br\/portfolio\/pensi\/wp-json\/wp\/v2\/media?parent=20"}],"curies":[{"name":"wp","href":"https:\/\/api.w.org\/{rel}","templated":true}]}}